{"id":1129,"date":"2024-05-09T11:46:31","date_gmt":"2024-05-09T11:46:31","guid":{"rendered":"https:\/\/smssites.com.br\/lp\/?page_id=1129"},"modified":"2024-05-09T11:46:31","modified_gmt":"2024-05-09T11:46:31","slug":"como-rejeito-ou-apago-os-cookies","status":"publish","type":"page","link":"https:\/\/smssites.com.br\/lp\/como-rejeito-ou-apago-os-cookies\/","title":{"rendered":"Como Rejeito ou Apago os Cookies"},"content":{"rendered":"<div id='av_section_1'  class='avia-section av-av_section-0c1ad863b911e17b5c31edf7a29b11ff main_color avia-section-large avia-no-border-styling  avia-builder-el-0  avia-builder-el-no-sibling  avia-bg-style-scroll container_wrap sidebar_right'  ><div class='container av-section-cont-open' ><main  role=\"main\" itemprop=\"mainContentOfPage\"  class='template-page content  av-content-small alpha units'><div class='post-entry post-entry-type-page post-entry-1129'><div class='entry-content-wrapper clearfix'>\n<div class='flex_column av-av_one_full-a961ec8c42a44a397321d1a2224da3ca av_one_full  avia-builder-el-1  el_before_av_one_full  avia-builder-el-first  first flex_column_div '     ><style type=\"text\/css\" data-created_by=\"avia_inline_auto\" id=\"style-css-av-lvz6ltqk-9297a4c55e3ec783845aecca7244c1ea\">\n#top .av_textblock_section.av-lvz6ltqk-9297a4c55e3ec783845aecca7244c1ea .avia_textblock{\nfont-size:18px;\n}\n<\/style>\n<section  class='av_textblock_section av-lvz6ltqk-9297a4c55e3ec783845aecca7244c1ea'  itemscope=\"itemscope\" itemtype=\"https:\/\/schema.org\/CreativeWork\" ><div class='avia_textblock'  itemprop=\"text\" ><p style=\"text-align: center;\"><span style=\"color: #1f1f25; font-size: 42px; font-weight: 600; line-height: 52px;\">Como rejeito ou apago os cookies?<\/span><\/p>\n<\/div><\/section><br \/>\n\n<style type=\"text\/css\" data-created_by=\"avia_inline_auto\" id=\"style-css-av-lvz6m67t-43d6360dc322cf25f6adbf668cc940ee\">\n#top .av_textblock_section.av-lvz6m67t-43d6360dc322cf25f6adbf668cc940ee .avia_textblock{\nfont-size:17px;\n}\n<\/style>\n<section  class='av_textblock_section av-lvz6m67t-43d6360dc322cf25f6adbf668cc940ee'  itemscope=\"itemscope\" itemtype=\"https:\/\/schema.org\/CreativeWork\" ><div class='avia_textblock'  itemprop=\"text\" ><p style=\"text-align: center;\">Voc\u00ea pode rejeitar ou apagar cookies do seu navegador da web seguindo as instru\u00e7\u00f5es abaixo. Lembre-se de que as etapas exatas podem variar dependendo do navegador que voc\u00ea est\u00e1 usando. Segue abaixo instru\u00e7\u00f5es gerais para os navegadores mais populares: Google Chrome, Mozilla Firefox, Microsoft Edge e Safari.<\/p>\n<\/div><\/section><br \/>\n\n<style type=\"text\/css\" data-created_by=\"avia_inline_auto\" id=\"style-css-av-av_image-94d155675e7c5e1f08f75c0b80bb1277\">\n.avia-image-container.av-av_image-94d155675e7c5e1f08f75c0b80bb1277 img.avia_image{\nbox-shadow:none;\n}\n.avia-image-container.av-av_image-94d155675e7c5e1f08f75c0b80bb1277 .av-image-caption-overlay-center{\ncolor:#ffffff;\n}\n<\/style>\n<div  class='avia-image-container av-av_image-94d155675e7c5e1f08f75c0b80bb1277 av-styling- avia-align-center  avia-builder-el-4  el_after_av_textblock  el_before_av_hr '   itemprop=\"image\" itemscope=\"itemscope\" itemtype=\"https:\/\/schema.org\/ImageObject\" ><div class=\"avia-image-container-inner\"><div class=\"avia-image-overlay-wrap\"><img wpfc-lazyload-disable=\"true\" decoding=\"async\" class='avia-img-lazy-loading-not- avia_image ' src=\"http:\/\/smssites.com.br\/wp-content\/uploads\/2022\/06\/linha.png\" alt='' title=''   itemprop=\"thumbnailUrl\"  \/><\/div><\/div><\/div><br \/>\n\n<style type=\"text\/css\" data-created_by=\"avia_inline_auto\" id=\"style-css-av-av_hr-35d53d7be2491954ac97ecc375137ffb\">\n#top .hr.hr-invisible.av-av_hr-35d53d7be2491954ac97ecc375137ffb{\nheight:15px;\n}\n<\/style>\n<div  class='hr av-av_hr-35d53d7be2491954ac97ecc375137ffb hr-invisible  avia-builder-el-5  el_after_av_image  avia-builder-el-last '><span class='hr-inner '><span class=\"hr-inner-style\"><\/span><\/span><\/div><\/p><\/div>\n<style type=\"text\/css\" data-created_by=\"avia_inline_auto\" id=\"style-css-av-av_one_full-a76a2845fcd606b8b89ead47de0cc5ad\">\n.flex_column.av-av_one_full-a76a2845fcd606b8b89ead47de0cc5ad{\npadding:0 40px 0 0;\n}\n<\/style>\n<div class='flex_column av-av_one_full-a76a2845fcd606b8b89ead47de0cc5ad av_one_full  avia-builder-el-6  el_after_av_one_full  avia-builder-el-last  first flex_column_div column-top-margin'     ><p>\n<style type=\"text\/css\" data-created_by=\"avia_inline_auto\" id=\"style-css-av-lvz6mepy-8d79d61617b6ee98d10f37e1d0f7d3e5\">\n#top .av_textblock_section.av-lvz6mepy-8d79d61617b6ee98d10f37e1d0f7d3e5 .avia_textblock{\nfont-size:17px;\n}\n<\/style>\n<section  class='av_textblock_section av-lvz6mepy-8d79d61617b6ee98d10f37e1d0f7d3e5'  itemscope=\"itemscope\" itemtype=\"https:\/\/schema.org\/CreativeWork\" ><div class='avia_textblock'  itemprop=\"text\" ><p><strong style=\"color: #000;\">No Google Chrome:<\/strong><\/p>\n<p>1. Abra o navegador Chrome.<br \/>\n2. Clique no \u00edcone de tr\u00eas pontos no canto superior direito para abrir o menu.<br \/>\n3. Selecione &#8220;Configura\u00e7\u00f5es&#8221;.<br \/>\n4. Role para baixo e clique em &#8220;Privacidade e seguran\u00e7a&#8221; no menu \u00e0 esquerda.<br \/>\n5. Clique em &#8220;Cookies e outros dados do site&#8221;.<br \/>\n6. Voc\u00ea pode escolher entre diferentes op\u00e7\u00f5es:<\/p>\n<ul>\n<li>Bloquear cookies de terceiros: Impede que sites de terceiros rastreiem voc\u00ea.<\/li>\n<li>Bloquear todos os cookies: Impede todos os sites de usar cookies.<\/li>\n<li>Gerenciar exce\u00e7\u00f5es de cookies: Permite que voc\u00ea bloqueie ou permita cookies espec\u00edficos para sites espec\u00edficos.<\/li>\n<\/ul>\n<\/div><\/section><br \/>\n\n<style type=\"text\/css\" data-created_by=\"avia_inline_auto\" id=\"style-css-av-lvz6mlz6-679aced9f71553e6aaf2e4ebaade4685\">\n#top .av_textblock_section.av-lvz6mlz6-679aced9f71553e6aaf2e4ebaade4685 .avia_textblock{\nfont-size:17px;\n}\n<\/style>\n<section  class='av_textblock_section av-lvz6mlz6-679aced9f71553e6aaf2e4ebaade4685'  itemscope=\"itemscope\" itemtype=\"https:\/\/schema.org\/CreativeWork\" ><div class='avia_textblock'  itemprop=\"text\" ><p><strong style=\"color: #000;\">No Mozilla Firefox:<\/strong><\/p>\n<p>1. Abra o navegador Firefox.<br \/>\n2. Clique no \u00edcone de tr\u00eas linhas no canto superior direito para abrir o menu.<br \/>\n3. Selecione &#8220;Op\u00e7\u00f5es&#8221; (ou &#8220;Prefer\u00eancias&#8221; em sistemas macOS).<br \/>\n4. No painel esquerdo, clique em &#8220;Privacidade e Seguran\u00e7a&#8221;.<br \/>\n5. Em &#8220;Cookies e dados do site&#8221;, voc\u00ea pode escolher entre diferentes op\u00e7\u00f5es:<\/p>\n<ul>\n<li>Impedir que sites salvem cookies: Isso bloquear\u00e1 todos os cookies.<\/li>\n<li>Bloquear cookies de terceiros: Impede que sites de terceiros rastreiem voc\u00ea.<\/li>\n<li>Gerenciar dados&#8230;: Permite que voc\u00ea exclua cookies espec\u00edficos ou gerencie exce\u00e7\u00f5es.<\/li>\n<\/ul>\n<\/div><\/section><br \/>\n\n<style type=\"text\/css\" data-created_by=\"avia_inline_auto\" id=\"style-css-av-lvz6mvf9-ffe51b0554a1668eead7562dbdfb6f61\">\n#top .av_textblock_section.av-lvz6mvf9-ffe51b0554a1668eead7562dbdfb6f61 .avia_textblock{\nfont-size:17px;\n}\n<\/style>\n<section  class='av_textblock_section av-lvz6mvf9-ffe51b0554a1668eead7562dbdfb6f61'  itemscope=\"itemscope\" itemtype=\"https:\/\/schema.org\/CreativeWork\" ><div class='avia_textblock'  itemprop=\"text\" ><p><strong style=\"color: #000;\">No Microsoft Edge:<\/strong><\/p>\n<p>1. Abra o navegador Edge.<br \/>\n2. Clique no \u00edcone de tr\u00eas pontos no canto superior direito para abrir o menu.<br \/>\n3. Role para baixo e selecione &#8220;Configura\u00e7\u00f5es&#8221;.<br \/>\n4. Role para baixo e clique em &#8220;Cookies e permiss\u00f5es do site&#8221; sob &#8220;Privacidade, pesquisa e servi\u00e7os&#8221;.<br \/>\n5. Voc\u00ea pode escolher entre diferentes op\u00e7\u00f5es:<\/p>\n<ul>\n<li>Bloquear todos os cookies: Impede todos os sites de usar cookies.<\/li>\n<li>Bloquear cookies de terceiros: Impede que sites de terceiros rastreiem voc\u00ea.<\/li>\n<\/ul>\n<\/div><\/section><br \/>\n\n<style type=\"text\/css\" data-created_by=\"avia_inline_auto\" id=\"style-css-av-lvz6n25i-bbde3bb8e2d5185f8a23de4a9a95df45\">\n#top .av_textblock_section.av-lvz6n25i-bbde3bb8e2d5185f8a23de4a9a95df45 .avia_textblock{\nfont-size:17px;\n}\n<\/style>\n<section  class='av_textblock_section av-lvz6n25i-bbde3bb8e2d5185f8a23de4a9a95df45'  itemscope=\"itemscope\" itemtype=\"https:\/\/schema.org\/CreativeWork\" ><div class='avia_textblock'  itemprop=\"text\" ><p><strong style=\"color: #000;\">No Safari (macOS):<\/strong><\/p>\n<p>1. Abra o navegador Safari.<br \/>\n2. No menu &#8220;Safari&#8221;, clique em &#8220;Prefer\u00eancias&#8221;.<br \/>\n3. Na guia &#8220;Privacidade&#8221;, voc\u00ea encontrar\u00e1 as op\u00e7\u00f5es para gerenciar cookies:<\/p>\n<ul>\n<li>Bloquear todos os cookies: Impede todos os sites de usar cookies.<\/li>\n<li>Bloquear cookies de terceiros: Impede que sites de terceiros rastreiem voc\u00ea.<\/li>\n<li>Gerenciar dados do site: Permite que voc\u00ea exclua cookies espec\u00edficos ou gerencie exce\u00e7\u00f5es.<\/li>\n<\/ul>\n<\/div><\/section><br \/>\n\n<style type=\"text\/css\" data-created_by=\"avia_inline_auto\" id=\"style-css-av-lvz6n9mm-3d00327f9f58f4f3c7c15159fb89d476\">\n#top .av_textblock_section.av-lvz6n9mm-3d00327f9f58f4f3c7c15159fb89d476 .avia_textblock{\nfont-size:17px;\n}\n<\/style>\n<section  class='av_textblock_section av-lvz6n9mm-3d00327f9f58f4f3c7c15159fb89d476'  itemscope=\"itemscope\" itemtype=\"https:\/\/schema.org\/CreativeWork\" ><div class='avia_textblock'  itemprop=\"text\" ><p style=\"text-align: left;\">Lembre-se de que, ao bloquear todos os cookies, voc\u00ea pode afetar algumas funcionalidade de nosso site, pois os cookies s\u00e3o usados para diversos fins. Portanto, \u00e9 importante considerar quais cookies voc\u00ea deseja bloquear ou permitir com base em suas prefer\u00eancias de privacidade e na funcionalidade do site.<\/p>\n<\/div><\/section><\/p><\/div><\/div><\/div><\/main><!-- close content main element --><\/div><\/div><div id='after_section_1'  class='main_color av_default_container_wrap container_wrap sidebar_right'  ><div class='container av-section-cont-open' ><div class='template-page content  av-content-small alpha units'><div class='post-entry post-entry-type-page post-entry-1129'><div class='entry-content-wrapper clearfix'>\n","protected":false},"excerpt":{"rendered":"","protected":false},"author":6,"featured_media":0,"parent":0,"menu_order":0,"comment_status":"closed","ping_status":"closed","template":"","meta":{"footnotes":""},"_links":{"self":[{"href":"https:\/\/smssites.com.br\/lp\/wp-json\/wp\/v2\/pages\/1129"}],"collection":[{"href":"https:\/\/smssites.com.br\/lp\/wp-json\/wp\/v2\/pages"}],"about":[{"href":"https:\/\/smssites.com.br\/lp\/wp-json\/wp\/v2\/types\/page"}],"author":[{"embeddable":true,"href":"https:\/\/smssites.com.br\/lp\/wp-json\/wp\/v2\/users\/6"}],"replies":[{"embeddable":true,"href":"https:\/\/smssites.com.br\/lp\/wp-json\/wp\/v2\/comments?post=1129"}],"version-history":[{"count":2,"href":"https:\/\/smssites.com.br\/lp\/wp-json\/wp\/v2\/pages\/1129\/revisions"}],"predecessor-version":[{"id":1138,"href":"https:\/\/smssites.com.br\/lp\/wp-json\/wp\/v2\/pages\/1129\/revisions\/1138"}],"wp:attachment":[{"href":"https:\/\/smssites.com.br\/lp\/wp-json\/wp\/v2\/media?parent=1129"}],"curies":[{"name":"wp","href":"https:\/\/api.w.org\/{rel}","templated":true}]}}